{"id":129,"date":"2022-09-27T12:30:30","date_gmt":"2022-09-27T12:30:30","guid":{"rendered":"https:\/\/organonpro.com\/ca-fr\/?page_id=129"},"modified":"2025-06-04T11:33:55","modified_gmt":"2025-06-04T11:33:55","slug":"contact-us","status":"publish","type":"page","link":"https:\/\/organonacademy.com\/fr-ca\/contact-us\/","title":{"rendered":"Contactez-nous"},"content":{"rendered":"<section id=\"contact-box-block_7b92ac9c06249f967a2f7bac8ae3f959\" class=\"contact-page contact-box\" >    <div class=\"container\">\n        \n        <div class=\"row justify-content-center mt-5 gy-4\">\n            \n                    <div class=\"col-xl-4 col-md-6 col-sm-6 text-center\">\n                        <div class=\"product-card card ungated\">\n                            <div class=\"card-body\">\n                                                                                                    <h3 class=\"card-title\">\n                                        Adresse postale                                    <\/h3>\n                                                                                                    <p class=\"card-text\">\n                                        Organon Canada Inc.\r\n<br>\r\n16766, route Transcanadienne, bureau 300\r\n<br \/>\r\nKirkland (Qu\u00e9bec), Canada H9H 4M7                                    <\/p>\n                                                            <\/div>\n                                                    <\/div>\n                    <\/div>\n\n                \n                    <div class=\"col-xl-4 col-md-6 col-sm-6 text-center\">\n                        <div class=\"product-card card ungated\">\n                            <div class=\"card-body\">\n                                                                                                    <h3 class=\"card-title\">\n                                        Information m\u00e9dicale de Organon Canada                                    <\/h3>\n                                                                                                    <p class=\"card-text\">\n                                        Pour poser des questions d\u2019ordre m\u00e9dical ou pour signaler des exp\u00e9riences ind\u00e9sirables, formuler des plaintes ou des commentaires sur un produit de Organon Canada Inc., veuillez communiquer avec le Centre d\u2019information m\u00e9dicale de Organon:\r\n<br>\r\n <a href=\"tel::18448205468\">1 844 820-5468<\/a>\r\n<br>\r\n <a href=\"mailto:medinfocanada@organon.com\">medinfocanada@organon.com<\/a><br>Vous pouvez nous joindre les jours ouvrables de 8 h 30 \u00e0 16 h 30, heure de l\u2019Est (HE). Si vous essayez de communiquer avec nous apr\u00e8s les heures d\u2019ouverture, veuillez nous laisser un message d\u00e9taill\u00e9. Quelqu\u2019un vous r\u00e9pondra dans les deux jours ouvrables, selon la nature de votre demande.                                    <\/p>\n                                                            <\/div>\n                                                    <\/div>\n                    <\/div>\n\n                \n        <\/div>\n    <\/div>\n<\/section>","protected":false},"excerpt":{"rendered":"","protected":false},"author":11,"featured_media":0,"parent":0,"menu_order":0,"comment_status":"closed","ping_status":"closed","template":"templates\/content-only.php","meta":{"_acf_changed":false,"footnotes":""},"class_list":["post-129","page","type-page","status-publish","hentry"],"acf":[],"yoast_head":"<!-- This site is optimized with the Yoast SEO Premium plugin v20.11 (Yoast SEO v26.6) - https:\/\/yoast.com\/wordpress\/plugins\/seo\/ -->\n<title>Contactez-nous | Organon Acad\u00e9mie | Canada<\/title>\n<meta name=\"robots\" content=\"index, follow, max-snippet:-1, max-image-preview:large, max-video-preview:-1\" \/>\n<link rel=\"canonical\" href=\"https:\/\/organonacademy.com\/fr-ca\/contact-us\/\" \/>\n<meta property=\"og:locale\" content=\"en_US\" \/>\n<meta property=\"og:type\" content=\"article\" \/>\n<meta property=\"og:title\" content=\"Contactez-nous\" \/>\n<meta property=\"og:url\" content=\"https:\/\/organonacademy.com\/fr-ca\/contact-us\/\" \/>\n<meta property=\"og:site_name\" content=\"Organon Acad\u00e9mie | Canada\" \/>\n<meta property=\"article:modified_time\" content=\"2025-06-04T11:33:55+00:00\" \/>\n<meta name=\"twitter:card\" content=\"summary_large_image\" \/>\n<script type=\"application\/ld+json\" class=\"yoast-schema-graph\">{\"@context\":\"https:\/\/schema.org\",\"@graph\":[{\"@type\":\"WebPage\",\"@id\":\"https:\/\/organonacademy.com\/fr-ca\/contact-us\/\",\"url\":\"https:\/\/organonacademy.com\/fr-ca\/contact-us\/\",\"name\":\"Contactez-nous | Organon Acad\u00e9mie | Canada\",\"isPartOf\":{\"@id\":\"https:\/\/organonacademy.com\/fr-ca\/#website\"},\"datePublished\":\"2022-09-27T12:30:30+00:00\",\"dateModified\":\"2025-06-04T11:33:55+00:00\",\"breadcrumb\":{\"@id\":\"https:\/\/organonacademy.com\/fr-ca\/contact-us\/#breadcrumb\"},\"inLanguage\":\"en-US\",\"potentialAction\":[{\"@type\":\"ReadAction\",\"target\":[\"https:\/\/organonacademy.com\/fr-ca\/contact-us\/\"]}]},{\"@type\":\"BreadcrumbList\",\"@id\":\"https:\/\/organonacademy.com\/fr-ca\/contact-us\/#breadcrumb\",\"itemListElement\":[{\"@type\":\"ListItem\",\"position\":1,\"name\":\"Home\",\"item\":\"https:\/\/organonacademy.com\/fr-ca\/\"},{\"@type\":\"ListItem\",\"position\":2,\"name\":\"Contactez-nous\"}]},{\"@type\":\"WebSite\",\"@id\":\"https:\/\/organonacademy.com\/fr-ca\/#website\",\"url\":\"https:\/\/organonacademy.com\/fr-ca\/\",\"name\":\"Organon Acad\u00e9mie Canada\",\"description\":\"Organon Acad\u00e9mie | Canada\",\"potentialAction\":[{\"@type\":\"SearchAction\",\"target\":{\"@type\":\"EntryPoint\",\"urlTemplate\":\"https:\/\/organonacademy.com\/fr-ca\/?s={search_term_string}\"},\"query-input\":{\"@type\":\"PropertyValueSpecification\",\"valueRequired\":true,\"valueName\":\"search_term_string\"}}],\"inLanguage\":\"en-US\"}]}<\/script>\n<!-- \/ Yoast SEO Premium plugin. -->","yoast_head_json":{"title":"Contactez-nous | Organon Acad\u00e9mie | Canada","robots":{"index":"index","follow":"follow","max-snippet":"max-snippet:-1","max-image-preview":"max-image-preview:large","max-video-preview":"max-video-preview:-1"},"canonical":"https:\/\/organonacademy.com\/fr-ca\/contact-us\/","og_locale":"en_US","og_type":"article","og_title":"Contactez-nous","og_url":"https:\/\/organonacademy.com\/fr-ca\/contact-us\/","og_site_name":"Organon Acad\u00e9mie | Canada","article_modified_time":"2025-06-04T11:33:55+00:00","twitter_card":"summary_large_image","schema":{"@context":"https:\/\/schema.org","@graph":[{"@type":"WebPage","@id":"https:\/\/organonacademy.com\/fr-ca\/contact-us\/","url":"https:\/\/organonacademy.com\/fr-ca\/contact-us\/","name":"Contactez-nous | Organon Acad\u00e9mie | Canada","isPartOf":{"@id":"https:\/\/organonacademy.com\/fr-ca\/#website"},"datePublished":"2022-09-27T12:30:30+00:00","dateModified":"2025-06-04T11:33:55+00:00","breadcrumb":{"@id":"https:\/\/organonacademy.com\/fr-ca\/contact-us\/#breadcrumb"},"inLanguage":"en-US","potentialAction":[{"@type":"ReadAction","target":["https:\/\/organonacademy.com\/fr-ca\/contact-us\/"]}]},{"@type":"BreadcrumbList","@id":"https:\/\/organonacademy.com\/fr-ca\/contact-us\/#breadcrumb","itemListElement":[{"@type":"ListItem","position":1,"name":"Home","item":"https:\/\/organonacademy.com\/fr-ca\/"},{"@type":"ListItem","position":2,"name":"Contactez-nous"}]},{"@type":"WebSite","@id":"https:\/\/organonacademy.com\/fr-ca\/#website","url":"https:\/\/organonacademy.com\/fr-ca\/","name":"Organon Acad\u00e9mie Canada","description":"Organon Acad\u00e9mie | Canada","potentialAction":[{"@type":"SearchAction","target":{"@type":"EntryPoint","urlTemplate":"https:\/\/organonacademy.com\/fr-ca\/?s={search_term_string}"},"query-input":{"@type":"PropertyValueSpecification","valueRequired":true,"valueName":"search_term_string"}}],"inLanguage":"en-US"}]}},"_links":{"self":[{"href":"https:\/\/organonacademy.com\/fr-ca\/wp-json\/wp\/v2\/pages\/129","targetHints":{"allow":["GET"]}}],"collection":[{"href":"https:\/\/organonacademy.com\/fr-ca\/wp-json\/wp\/v2\/pages"}],"about":[{"href":"https:\/\/organonacademy.com\/fr-ca\/wp-json\/wp\/v2\/types\/page"}],"author":[{"embeddable":true,"href":"https:\/\/organonacademy.com\/fr-ca\/wp-json\/wp\/v2\/users\/11"}],"replies":[{"embeddable":true,"href":"https:\/\/organonacademy.com\/fr-ca\/wp-json\/wp\/v2\/comments?post=129"}],"version-history":[{"count":24,"href":"https:\/\/organonacademy.com\/fr-ca\/wp-json\/wp\/v2\/pages\/129\/revisions"}],"predecessor-version":[{"id":1931,"href":"https:\/\/organonacademy.com\/fr-ca\/wp-json\/wp\/v2\/pages\/129\/revisions\/1931"}],"wp:attachment":[{"href":"https:\/\/organonacademy.com\/fr-ca\/wp-json\/wp\/v2\/media?parent=129"}],"curies":[{"name":"wp","href":"https:\/\/api.w.org\/{rel}","templated":true}]}}