{"id":4,"date":"2022-08-22T09:26:18","date_gmt":"2022-08-22T09:26:18","guid":{"rendered":"https:\/\/organonpro.com\/ca-fr\/?page_id=4"},"modified":"2025-06-05T05:32:11","modified_gmt":"2025-06-05T05:32:11","slug":"home","status":"publish","type":"page","link":"https:\/\/organonacademy.com\/fr-ca\/","title":{"rendered":"Accueil &#8211; Utilisateur Non Inscrit"},"content":{"rendered":"\n<section class=\"wp-block-orc2-hero-banner  hero-banner-section-a894cbb4-cf67-4ca9-8cf5-6b4b8aad5393 hero-section\" style=\"background-color:\"><style>.hero-banner-section-a894cbb4-cf67-4ca9-8cf5-6b4b8aad5393{margin-top:0rem; margin-bottom:0rem;} @media screen and (min-width: 320px) and (max-width: 759px) {.hero-banner-section-a894cbb4-cf67-4ca9-8cf5-6b4b8aad5393{margin-top:0rem; margin-bottom:0rem;}}<\/style><div class=\"container\"><div class=\"row\"><div class=\"col-lg-4 col-md-5 col-sm-9 hero-text has-content\"><h1 class=\"hero-title-text\">Bienvenue \u00e0 <br>Organon Acad\u00e9mie<\/h1><p class=\"hero-title-text\">Votre carrefour num\u00e9rique d\u2019activit\u00e9s d\u2019apprentissage et de formation, de ressources, d\u2019outils et de services.<\/p><div class=\"action-panel  \"><div class=\"hero-buttonsChipsSection \"><a class=\"btn btn-theme \" href=\"https:\/\/organonacademy.com\/fr-ca\/?openlogin=1\" rel=\"noopener noreferrer\" target=\"_self\">S&#8217;inscrire<\/a><a class=\"btn btn-outline\" href=\"https:\/\/organonacademy.com\/fr-ca\/?openlogin=1\" rel=\"noopener noreferrer\" target=\"_self\">Se connecter<\/a><\/div><\/div><div class=\"feature-chips hero-buttonsChipsSection11 addMoreHideClass\"><\/div><\/div><\/div><\/div><div class=\"hero-img  with-curve \"><div><div><img decoding=\"async\" src=\"https:\/\/organonacademy.com\/fr-ca\/wp-content\/uploads\/sites\/144\/2025\/06\/canada-academy-hero-banner.jpg?w=750\" alt=\"hero\" loading=\"lazy\"\/><\/div><\/div><\/div><\/section>\n\n\n\n<h2 class=\"wp-block-heading has-text-align-center m-0 pb-0 has-text-color has-background\" id=\"h-register-in-3-steps\" style=\"color:#171717;background-color:#eef8ed\">Inscrivez-vous en 3&nbsp;\u00e9tapes<\/h2>\n\n\n\n<p class=\"has-text-align-center has-background\" style=\"background-color:#eef8ed\"><strong>Organon ID<\/strong> pour acc\u00e9der \u00e0 tous nos portails Web pour les professionnel\u00b7les de la sant\u00e9 canadiens<\/p>\n\n\n    <style>\r\n        :root {\r\n            --factoid-button-text-color- factoid-block_b8bde6b2969d45cf29dca0059c09ebcf:\r\n                #ffffff;\r\n            --factoid-button-color- factoid-block_b8bde6b2969d45cf29dca0059c09ebcf:\r\n                #E20177;\r\n            --factoid-button-hover-color- factoid-block_b8bde6b2969d45cf29dca0059c09ebcf:\r\n                #9E0053;\r\n        }\r\n\r\n        #factoid-block_b8bde6b2969d45cf29dca0059c09ebcf.factoid-bottom .btn.btn-theme {\r\n            color: var(--factoid-button-text-color- factoid-block_b8bde6b2969d45cf29dca0059c09ebcf);\r\n            background: var(--factoid-button-color- factoid-block_b8bde6b2969d45cf29dca0059c09ebcf);\r\n        }\r\n\r\n        #factoid-block_b8bde6b2969d45cf29dca0059c09ebcf.factoid-bottom .btn.btn-theme:hover {\r\n            background: var(--factoid-button-hover-color- factoid-block_b8bde6b2969d45cf29dca0059c09ebcf);\r\n        }\r\n    <\/style>\r\n    <section id=\"factoid-block_b8bde6b2969d45cf29dca0059c09ebcf\" class=\"factoid factoidcards factoid-col__three factoid-col__border factoid-has-bg-color factoid-additional-\"  style=\"background:#ffffff\">    <div class=\"container\">\r\n        <div class=\"factoid-cards\">\r\n            <div class=\"factoid-header\">\r\n                            <\/div>\r\n            <div class=\"factoid-body card-without-vertical-separator factoid-without-title-description\">\r\n                <div class=\"factoid-row row\">\r\n                                                <div class=\"factoid-col col card-has-rounded-corners \" style=\"background: rgba(255, 255, 255, 100%);\">\r\n                                                                    <div class=\"factoid-card card\">\r\n                                                                                    <h3 class=\"factoid-title\">\r\n                                                \u00c9tape 1                                            <\/h3>\r\n                                                                                    <div class=\"factoid-image \">\r\n                                                <div class=\"factoid-image__row\">\r\n                                                    <div class=\"factoid-image__col\"><img decoding=\"async\" width=\"150\" height=\"150\" src=\"https:\/\/organonacademy.com\/fr-ca\/wp-content\/uploads\/sites\/144\/2025\/06\/step-1.svg?w=150\" class=\"card-img-top \" alt=\"\" loading=\"lazy\" \/><\/div>                                                <\/div>\r\n                                            <\/div>\r\n                                                                                <div class=\"factoid-content\">\r\n                                            <p class=\"factoid-text\" style=\"font-size:15px\">Remplissez le formulaire d\u2019inscription.<\/p>\r\n                                        <\/div>\r\n                                        <div class=\"factoid-bottom\">\r\n                                                                                    <\/div>\r\n                                    <\/div>\r\n                                                            <\/div>\r\n                                                    <div class=\"factoid-col col card-has-rounded-corners card-has-bg-color\" style=\"background: rgba(255, 255, 255, 100%);\">\r\n                                                                    <div class=\"factoid-card card\">\r\n                                                                                    <h3 class=\"factoid-title\">\r\n                                                \u00c9tape 2                                            <\/h3>\r\n                                                                                    <div class=\"factoid-image \">\r\n                                                <div class=\"factoid-image__row\">\r\n                                                    <div class=\"factoid-image__col\"><img decoding=\"async\" width=\"150\" height=\"150\" src=\"https:\/\/organonacademy.com\/fr-ca\/wp-content\/uploads\/sites\/144\/2025\/06\/step-2.svg?w=150\" class=\"card-img-top \" alt=\"\" loading=\"lazy\" \/><\/div>                                                <\/div>\r\n                                            <\/div>\r\n                                                                                <div class=\"factoid-content\">\r\n                                            <p class=\"factoid-text\" style=\"font-size:15px\">V\u00e9rifiez vos courriels*.<\/p>\r\n                                        <\/div>\r\n                                        <div class=\"factoid-bottom\">\r\n                                                                                    <\/div>\r\n                                    <\/div>\r\n                                                            <\/div>\r\n                                                    <div class=\"factoid-col col card-has-rounded-corners card-has-bg-color\" style=\"background: rgba(255, 255, 255, 100%);\">\r\n                                                                    <div class=\"factoid-card card\">\r\n                                                                                    <h3 class=\"factoid-title\">\r\n                                                \u00c9tape 3                                            <\/h3>\r\n                                                                                    <div class=\"factoid-image \">\r\n                                                <div class=\"factoid-image__row\">\r\n                                                    <div class=\"factoid-image__col\"><img decoding=\"async\" width=\"150\" height=\"150\" src=\"https:\/\/organonacademy.com\/fr-ca\/wp-content\/uploads\/sites\/144\/2025\/06\/step-3.svg?w=150\" class=\"card-img-top \" alt=\"\" loading=\"lazy\" \/><\/div>                                                <\/div>\r\n                                            <\/div>\r\n                                                                                <div class=\"factoid-content\">\r\n                                            <p class=\"factoid-text\" style=\"font-size:15px\">Acc\u00e9dez \u00e0 une biblioth\u00e8que d\u2019activit\u00e9s d\u2019apprentissage et de ressources.<\/p>\r\n                                        <\/div>\r\n                                        <div class=\"factoid-bottom\">\r\n                                                                                    <\/div>\r\n                                    <\/div>\r\n                                                            <\/div>\r\n                                        <\/div>\r\n            <\/div>\r\n\r\n            <div class=\"factoid-footer\"><div class=\"fc-botton-text\">*Votre compte sera activ\u00e9 une fois que nous aurons valid\u00e9 votre status de professionnel de la sant\u00e9 canadien.<\/div><\/div>        <\/div>\r\n\r\n\r\n    <\/div>\r\n<\/section>","protected":false},"excerpt":{"rendered":"<p>Inscrivez-vous en 3&nbsp;\u00e9tapes Organon ID pour acc\u00e9der \u00e0 tous nos portails Web pour les professionnel\u00b7les de la sant\u00e9 canadiens<\/p>\n","protected":false},"author":19,"featured_media":0,"parent":0,"menu_order":0,"comment_status":"closed","ping_status":"closed","template":"templates\/home.php","meta":{"_acf_changed":false,"footnotes":""},"class_list":["post-4","page","type-page","status-publish","hentry"],"acf":[],"yoast_head":"<!-- This site is optimized with the Yoast SEO Premium plugin v20.11 (Yoast SEO v26.6) - https:\/\/yoast.com\/wordpress\/plugins\/seo\/ -->\n<title>Bienvenue | Organon Acad\u00e9mie | Canada<\/title>\n<meta name=\"robots\" content=\"index, follow, max-snippet:-1, max-image-preview:large, max-video-preview:-1\" \/>\n<link rel=\"canonical\" href=\"https:\/\/organonacademy.com\/fr-ca\/\" \/>\n<meta property=\"og:locale\" content=\"en_US\" \/>\n<meta property=\"og:type\" content=\"article\" \/>\n<meta property=\"og:title\" content=\"Accueil - Utilisateur Non Inscrit\" \/>\n<meta property=\"og:description\" content=\"Inscrivez-vous en 3&nbsp;\u00e9tapes Organon ID pour acc\u00e9der \u00e0 tous nos portails Web pour les professionnel\u00b7les de la sant\u00e9 canadiens\" \/>\n<meta property=\"og:url\" content=\"https:\/\/organonacademy.com\/fr-ca\/\" \/>\n<meta property=\"og:site_name\" content=\"Organon Acad\u00e9mie | Canada\" \/>\n<meta property=\"article:modified_time\" content=\"2025-06-05T05:32:11+00:00\" \/>\n<meta property=\"og:image\" content=\"https:\/\/organonacademy.com\/fr-ca\/wp-content\/uploads\/sites\/144\/2025\/06\/canada-academy-hero-banner.jpg?w=750\" \/>\n<meta name=\"twitter:card\" content=\"summary_large_image\" \/>\n<meta name=\"twitter:label1\" content=\"Est. reading time\" \/>\n\t<meta name=\"twitter:data1\" content=\"1 minute\" \/>\n<script type=\"application\/ld+json\" class=\"yoast-schema-graph\">{\"@context\":\"https:\/\/schema.org\",\"@graph\":[{\"@type\":\"WebPage\",\"@id\":\"https:\/\/organonacademy.com\/fr-ca\/\",\"url\":\"https:\/\/organonacademy.com\/fr-ca\/\",\"name\":\"Bienvenue | Organon Acad\u00e9mie | Canada\",\"isPartOf\":{\"@id\":\"https:\/\/organonacademy.com\/fr-ca\/#website\"},\"primaryImageOfPage\":{\"@id\":\"https:\/\/organonacademy.com\/fr-ca\/#primaryimage\"},\"image\":{\"@id\":\"https:\/\/organonacademy.com\/fr-ca\/#primaryimage\"},\"thumbnailUrl\":\"https:\/\/organonacademy.com\/fr-ca\/wp-content\/uploads\/sites\/144\/2025\/06\/canada-academy-hero-banner.jpg?w=750\",\"datePublished\":\"2022-08-22T09:26:18+00:00\",\"dateModified\":\"2025-06-05T05:32:11+00:00\",\"breadcrumb\":{\"@id\":\"https:\/\/organonacademy.com\/fr-ca\/#breadcrumb\"},\"inLanguage\":\"en-US\",\"potentialAction\":[{\"@type\":\"ReadAction\",\"target\":[\"https:\/\/organonacademy.com\/fr-ca\/\"]}]},{\"@type\":\"ImageObject\",\"inLanguage\":\"en-US\",\"@id\":\"https:\/\/organonacademy.com\/fr-ca\/#primaryimage\",\"url\":\"https:\/\/organonacademy.com\/fr-ca\/wp-content\/uploads\/sites\/144\/2025\/06\/canada-academy-hero-banner.jpg\",\"contentUrl\":\"https:\/\/organonacademy.com\/fr-ca\/wp-content\/uploads\/sites\/144\/2025\/06\/canada-academy-hero-banner.jpg\",\"width\":3864,\"height\":2576,\"caption\":\"The mid adult female doctor reviews her patient's records on her computer in her office.\"},{\"@type\":\"BreadcrumbList\",\"@id\":\"https:\/\/organonacademy.com\/fr-ca\/#breadcrumb\",\"itemListElement\":[{\"@type\":\"ListItem\",\"position\":1,\"name\":\"Home\",\"item\":\"https:\/\/organonacademy.com\/fr-ca\/\"},{\"@type\":\"ListItem\",\"position\":2,\"name\":\"Accueil &#8211; Utilisateur Non Inscrit\"}]},{\"@type\":\"WebSite\",\"@id\":\"https:\/\/organonacademy.com\/fr-ca\/#website\",\"url\":\"https:\/\/organonacademy.com\/fr-ca\/\",\"name\":\"Organon Acad\u00e9mie Canada\",\"description\":\"Organon Acad\u00e9mie | Canada\",\"potentialAction\":[{\"@type\":\"SearchAction\",\"target\":{\"@type\":\"EntryPoint\",\"urlTemplate\":\"https:\/\/organonacademy.com\/fr-ca\/?s={search_term_string}\"},\"query-input\":{\"@type\":\"PropertyValueSpecification\",\"valueRequired\":true,\"valueName\":\"search_term_string\"}}],\"inLanguage\":\"en-US\"}]}<\/script>\n<!-- \/ Yoast SEO Premium plugin. -->","yoast_head_json":{"title":"Bienvenue | Organon Acad\u00e9mie | Canada","robots":{"index":"index","follow":"follow","max-snippet":"max-snippet:-1","max-image-preview":"max-image-preview:large","max-video-preview":"max-video-preview:-1"},"canonical":"https:\/\/organonacademy.com\/fr-ca\/","og_locale":"en_US","og_type":"article","og_title":"Accueil - Utilisateur Non Inscrit","og_description":"Inscrivez-vous en 3&nbsp;\u00e9tapes Organon ID pour acc\u00e9der \u00e0 tous nos portails Web pour les professionnel\u00b7les de la sant\u00e9 canadiens","og_url":"https:\/\/organonacademy.com\/fr-ca\/","og_site_name":"Organon Acad\u00e9mie | Canada","article_modified_time":"2025-06-05T05:32:11+00:00","og_image":[{"url":"https:\/\/organonacademy.com\/fr-ca\/wp-content\/uploads\/sites\/144\/2025\/06\/canada-academy-hero-banner.jpg?w=750","type":"","width":"","height":""}],"twitter_card":"summary_large_image","twitter_misc":{"Est. reading time":"1 minute"},"schema":{"@context":"https:\/\/schema.org","@graph":[{"@type":"WebPage","@id":"https:\/\/organonacademy.com\/fr-ca\/","url":"https:\/\/organonacademy.com\/fr-ca\/","name":"Bienvenue | Organon Acad\u00e9mie | Canada","isPartOf":{"@id":"https:\/\/organonacademy.com\/fr-ca\/#website"},"primaryImageOfPage":{"@id":"https:\/\/organonacademy.com\/fr-ca\/#primaryimage"},"image":{"@id":"https:\/\/organonacademy.com\/fr-ca\/#primaryimage"},"thumbnailUrl":"https:\/\/organonacademy.com\/fr-ca\/wp-content\/uploads\/sites\/144\/2025\/06\/canada-academy-hero-banner.jpg?w=750","datePublished":"2022-08-22T09:26:18+00:00","dateModified":"2025-06-05T05:32:11+00:00","breadcrumb":{"@id":"https:\/\/organonacademy.com\/fr-ca\/#breadcrumb"},"inLanguage":"en-US","potentialAction":[{"@type":"ReadAction","target":["https:\/\/organonacademy.com\/fr-ca\/"]}]},{"@type":"ImageObject","inLanguage":"en-US","@id":"https:\/\/organonacademy.com\/fr-ca\/#primaryimage","url":"https:\/\/organonacademy.com\/fr-ca\/wp-content\/uploads\/sites\/144\/2025\/06\/canada-academy-hero-banner.jpg","contentUrl":"https:\/\/organonacademy.com\/fr-ca\/wp-content\/uploads\/sites\/144\/2025\/06\/canada-academy-hero-banner.jpg","width":3864,"height":2576,"caption":"The mid adult female doctor reviews her patient's records on her computer in her office."},{"@type":"BreadcrumbList","@id":"https:\/\/organonacademy.com\/fr-ca\/#breadcrumb","itemListElement":[{"@type":"ListItem","position":1,"name":"Home","item":"https:\/\/organonacademy.com\/fr-ca\/"},{"@type":"ListItem","position":2,"name":"Accueil &#8211; Utilisateur Non Inscrit"}]},{"@type":"WebSite","@id":"https:\/\/organonacademy.com\/fr-ca\/#website","url":"https:\/\/organonacademy.com\/fr-ca\/","name":"Organon Acad\u00e9mie Canada","description":"Organon Acad\u00e9mie | Canada","potentialAction":[{"@type":"SearchAction","target":{"@type":"EntryPoint","urlTemplate":"https:\/\/organonacademy.com\/fr-ca\/?s={search_term_string}"},"query-input":{"@type":"PropertyValueSpecification","valueRequired":true,"valueName":"search_term_string"}}],"inLanguage":"en-US"}]}},"_links":{"self":[{"href":"https:\/\/organonacademy.com\/fr-ca\/wp-json\/wp\/v2\/pages\/4","targetHints":{"allow":["GET"]}}],"collection":[{"href":"https:\/\/organonacademy.com\/fr-ca\/wp-json\/wp\/v2\/pages"}],"about":[{"href":"https:\/\/organonacademy.com\/fr-ca\/wp-json\/wp\/v2\/types\/page"}],"author":[{"embeddable":true,"href":"https:\/\/organonacademy.com\/fr-ca\/wp-json\/wp\/v2\/users\/19"}],"replies":[{"embeddable":true,"href":"https:\/\/organonacademy.com\/fr-ca\/wp-json\/wp\/v2\/comments?post=4"}],"version-history":[{"count":71,"href":"https:\/\/organonacademy.com\/fr-ca\/wp-json\/wp\/v2\/pages\/4\/revisions"}],"predecessor-version":[{"id":1961,"href":"https:\/\/organonacademy.com\/fr-ca\/wp-json\/wp\/v2\/pages\/4\/revisions\/1961"}],"wp:attachment":[{"href":"https:\/\/organonacademy.com\/fr-ca\/wp-json\/wp\/v2\/media?parent=4"}],"curies":[{"name":"wp","href":"https:\/\/api.w.org\/{rel}","templated":true}]}}